{"id":2116,"date":"2021-03-25T11:29:25","date_gmt":"2021-03-25T10:29:25","guid":{"rendered":"http:\/\/www.pointbarrevideo.com\/wordpress\/?page_id=2116"},"modified":"2024-11-13T10:20:01","modified_gmt":"2024-11-13T09:20:01","slug":"residences","status":"publish","type":"page","link":"http:\/\/www.pointbarrevideo.com\/wordpress\/?page_id=2116","title":{"rendered":"R\u00e9sidences"},"content":{"rendered":"\n<p>POINT BARRE d\u00e9veloppe certains projets sous forme de r\u00e9sidences de cr\u00e9ation audiovisuelle.<\/p>\n\n\n\n<hr class=\"wp-block-separator\"\/>\n\n\n\n<h1 class=\"wp-block-heading\">Le Petit Saint-Brice des coll\u00e9giens<\/h1>\n\n\n\n<p>Au long de l&rsquo;ann\u00e9e scolaire 2023-2024, nous avons accompagn\u00e9 les \u00e9l\u00e8ves de 4e du coll\u00e8ge Jeanne d&rsquo;Arc de Saint-Brice-en-Cogl\u00e8s dans une r\u00e9alisation documentaire collective.<\/p>\n\n\n\n<p><a href=\"http:\/\/www.pointbarrevideo.com\/wordpress\/?p=2599\" data-type=\"post\" data-id=\"2599\">En savoir plus<\/a><\/p>\n\n\n\n<hr class=\"wp-block-separator\"\/>\n\n\n\n<h1 class=\"wp-block-heading\">POMMES POMMES POMMES POMMES<\/h1>\n\n\n\n<p>En 2021, nous invitons un groupe d&rsquo;habitants \u00e0 r\u00e9aliser un film avec des pommes.<\/p>\n\n\n\n<p><a href=\"http:\/\/www.pointbarrevideo.com\/wordpress\/?cat=49\" data-type=\"URL\" data-id=\"http:\/\/www.pointbarrevideo.com\/wordpress\/?cat=49\">En savoir plus<\/a><\/p>\n\n\n\n<hr class=\"wp-block-separator\"\/>\n\n\n\n<h1 class=\"wp-block-heading\">Coglais &#8230;1968-2015&#8230;<\/h1>\n\n\n\n<p>En 2013, nous d\u00e9couvrons l&rsquo;existence d&rsquo;un film baptis\u00e9<strong><em> \u00ab\u00a0<\/em><\/strong><em><strong>Coglais 1968&Prime;<\/strong><\/em>. Il s&rsquo;agit d&rsquo;un diagnostic de ce territoire du Nord-Est de l&rsquo;Ille-et-Vilaine, au pr\u00e9sent de 1968. Le g\u00e9n\u00e9rique du film le pr\u00e9sente comme \u00e9tant le fruit d&rsquo;une exp\u00e9rience collective avec un groupe de jeunes du Coglais. 50 ans plus tard, nous avons souhait\u00e9 d\u00e9velopper une nouvelle r\u00e9sidence dans cette m\u00eame d\u00e9marche.<\/p>\n\n\n\n<p>En 2015, avec les habitants, nous formulons une r\u00e9ponse \u00e0 la m\u00eame question : qu&rsquo;est-ce que le Coglais aujourd&rsquo;hui ? Que sera-t-il demain ?<\/p>\n\n\n\n<p><a href=\"http:\/\/www.pointbarrevideo.com\/wordpress\/?cat=35\">En savoir plus<\/a><\/p>\n\n\n\n<hr class=\"wp-block-separator\"\/>\n\n\n\n<h1 class=\"wp-block-heading\">Regards crois\u00e9s sur l&rsquo;Argentine<\/h1>\n\n\n\n<p>Avec une \u00e9quipe de musiciens argentins, POINT BARRE a men\u00e9 une r\u00e9sidence de cr\u00e9ation spectaculaire : <strong>\u00ab\u00a0Cuadros de una exposicion\u00a0\u00bb<\/strong> dans le cadre de <strong>\u00ab\u00a0Regards crois\u00e9s sur l&rsquo;Argentine\u00a0\u00bb.<\/strong><br>Cet \u00e9v\u00e9nement prend place dans la programmation du centre culturel du Coglais.<\/p>\n\n\n\n<p><a href=\"http:\/\/pointbarrevideo.com\/wordpress\/?cat=37\">En savoir plus<\/a><\/p>\n\n\n\n<hr class=\"wp-block-separator\"\/>\n\n\n\n<h1 class=\"wp-block-heading\">Chez Simone !<\/h1>\n\n\n\n<p>En 2014-2015, POINT BARRE collabore avec ses collocataires de Yadla&rsquo;vie pour mener un projet de cr\u00e9ation photo et vid\u00e9o avec les habitants de la r\u00e9sidence Simone de Beauvoir \u00e0 Rennes. Cette cit\u00e9 qui jouxte le m\u00e9tro Anatole France a \u00e9t\u00e9 cr\u00e9\u00e9e dans un objectif r\u00e9solument interg\u00e9n\u00e9rationnel. Qu&rsquo;en est-il exactement ? Nous voulons mener l&rsquo;enqu\u00eate avec ceux qui y vivent.<\/p>\n\n\n\n<p><a href=\"http:\/\/www.pointbarrevideo.com\/wordpress\/?cat=34\">En savoir plus<\/a><\/p>\n","protected":false},"excerpt":{"rendered":"<p>POINT BARRE d\u00e9veloppe certains projets sous forme de r\u00e9sidences de cr\u00e9ation audiovisuelle. Le Petit Saint-Brice des coll\u00e9giens Au long de l&rsquo;ann\u00e9e scolaire 2023-2024, nous avons accompagn\u00e9 les \u00e9l\u00e8ves de 4e du coll\u00e8ge Jeanne d&rsquo;Arc de Saint-Brice-en-Cogl\u00e8s dans une r\u00e9alisation documentaire &hellip; <a href=\"http:\/\/www.pointbarrevideo.com\/wordpress\/?page_id=2116\">Continuer la lecture <span class=\"meta-nav\">&rarr;<\/span><\/a><\/p>\n","protected":false},"author":1,"featured_media":0,"parent":0,"menu_order":0,"comment_status":"closed","ping_status":"closed","template":"","meta":{"footnotes":""},"class_list":["post-2116","page","type-page","status-publish","hentry"],"_links":{"self":[{"href":"http:\/\/www.pointbarrevideo.com\/wordpress\/index.php?rest_route=\/wp\/v2\/pages\/2116","targetHints":{"allow":["GET"]}}],"collection":[{"href":"http:\/\/www.pointbarrevideo.com\/wordpress\/index.php?rest_route=\/wp\/v2\/pages"}],"about":[{"href":"http:\/\/www.pointbarrevideo.com\/wordpress\/index.php?rest_route=\/wp\/v2\/types\/page"}],"author":[{"embeddable":true,"href":"http:\/\/www.pointbarrevideo.com\/wordpress\/index.php?rest_route=\/wp\/v2\/users\/1"}],"replies":[{"embeddable":true,"href":"http:\/\/www.pointbarrevideo.com\/wordpress\/index.php?rest_route=%2Fwp%2Fv2%2Fcomments&post=2116"}],"version-history":[{"count":10,"href":"http:\/\/www.pointbarrevideo.com\/wordpress\/index.php?rest_route=\/wp\/v2\/pages\/2116\/revisions"}],"predecessor-version":[{"id":2603,"href":"http:\/\/www.pointbarrevideo.com\/wordpress\/index.php?rest_route=\/wp\/v2\/pages\/2116\/revisions\/2603"}],"wp:attachment":[{"href":"http:\/\/www.pointbarrevideo.com\/wordpress\/index.php?rest_route=%2Fwp%2Fv2%2Fmedia&parent=2116"}],"curies":[{"name":"wp","href":"https:\/\/api.w.org\/{rel}","templated":true}]}}